{"id":14048,"date":"2021-03-19T09:57:04","date_gmt":"2021-03-19T08:57:04","guid":{"rendered":"https:\/\/www.cfmotoschweiz.ch\/societe\/"},"modified":"2025-07-14T12:14:58","modified_gmt":"2025-07-14T10:14:58","slug":"societe","status":"publish","type":"page","link":"https:\/\/www.cfmotoschweiz.ch\/fr\/societe\/","title":{"rendered":"ENTREPRISE"},"content":{"rendered":"<div class=\"wpb-content-wrapper\"><p>[vc_row content_placement=&#8221;top&#8221; row_content_width=&#8221;grid&#8221; disable_background_image=&#8221;1024&#8243; simple_background_image=&#8221;2721&#8243; simple_background_color=&#8221;#000000&#8243; background_image_position=&#8221;center center&#8221;][vc_column]<div class=\"mkdf-elements-holder   mkdf-two-columns  mkdf-responsive-mode-768 \" ><div class=\"mkdf-eh-item    \"  data-item-class=\"mkdf-eh-custom-5013\" data-680=\"30px 0px 30px 0px\">\n\t<div class=\"mkdf-eh-item-inner\">\n\t\t<div class=\"mkdf-eh-item-content mkdf-eh-custom-5013\" style=\"padding: 30px 10px 30px 0px\">\n\t\t\t<div class=\"mkdf-section-title-holder    mkdf-has-appear-animation\" >\n\t<div class=\"mkdf-st-inner\">\n\t\t\t\t\t\t<h2 class=\"mkdf-st-title\" style=\"color: #ffffff\">\n\t\t\t\t\t\t\t\t\tWER WIR SIND\t\t\t\t\t\t\t<\/h2>\n\t\t\t\t\t\t\t<\/div>\n<\/div>[vc_empty_space height=&#8221;20px&#8221;][vc_column_text]<\/p>\n<p style=\"color: white;\">Fond\u00e9e en 1989, <strong><a style=\"color: white;\" href=\"https:\/\/global.cfmoto.com\/\" target=\"_blank\" rel=\"noopener\">CFMOTO<\/a><\/strong> con\u00e7oit, construit et distribue des motos et des v\u00e9hicules tout-terrain, ainsi que des moteurs, des composants et des accessoires.<br \/>\nNos produits sont distribu\u00e9s dans le monde entier par un r\u00e9seau de 2.000 partenaires.<\/p>\n<p><strong style=\"color: white;\">Technologie et innovation<\/strong><\/p>\n<p style=\"color: white;\">Avec une \u00e9quipe de recherche et d\u00e9veloppement de plus de 200 designers et ing\u00e9nieurs dans 5 pays et plus de 540 brevets d\u00e9pos\u00e9s, CFMOTO vise le sommet de l&#8217;industrie automobile et veut s&#8217;imposer parmi les marques haut de gamme dans le monde entier.<\/p>\n<p><strong style=\"color: white;\">Concentr\u00e9 sur la qualit\u00e9<\/strong><\/p>\n<p style=\"color: white;\">La technologie et la qualit\u00e9 sont au c\u0153ur de notre entreprise. Le temps, l&#8217;engagement et l&#8217;expertise que nous consacrons \u00e0 notre travail nous permettent d&#8217;offrir des produits exceptionnels et d&#8217;une grande fiabilit\u00e9.<\/p>\n<p><strong style=\"color: white;\">Valeur pour le client<\/strong><\/p>\n<p style=\"color: white;\">En plus de 30 ans d&#8217;exp\u00e9rience dans le monde de l&#8217;automobile et des sports m\u00e9caniques, l&#8217;objectif premier de CFMOTO a toujours \u00e9t\u00e9 d&#8217;offrir \u00e0 ses clients des produits de qualit\u00e9. Nous voulons \u00eatre le partenaire id\u00e9al pour explorer le monde et profiter de chaque instant de la vie.<\/p>\n<p style=\"color: white;\">Notre souci constant est de garantir un niveau de plaisir et de conduite toujours plus \u00e9lev\u00e9, afin que vous puissiez vivre des exp\u00e9riences plus intenses jour apr\u00e8s jour.<\/p>\n<p>[\/vc_column_text][vc_empty_space height=&#8221;20px&#8221;]\t\t<\/div>\n\t<\/div>\n<\/div><div class=\"mkdf-eh-item    \"  data-item-class=\"mkdf-eh-custom-7369\" data-680=\"30px 0px 30px 0px\">\n\t<div class=\"mkdf-eh-item-inner\">\n\t\t<div class=\"mkdf-eh-item-content mkdf-eh-custom-7369\" style=\"padding: 30px 0px 30px 10px\">\n\t\t\t<div class=\"mkdf-video-button-holder  mkdf-vb-has-img  \">\n\t\t\t<div class=\"mkdf-video-button-image\">\n\t\t\t<img loading=\"lazy\" decoding=\"async\" width=\"1920\" height=\"1080\" src=\"https:\/\/www.cfmotoschweiz.ch\/wp-content\/uploads\/2021\/04\/CFMOTO_PRESENTAZIONE-0-1-1.jpg\" class=\"attachment-full size-full\" alt=\"\" srcset=\"https:\/\/www.cfmotoschweiz.ch\/wp-content\/uploads\/2021\/04\/CFMOTO_PRESENTAZIONE-0-1-1.jpg 1920w, https:\/\/www.cfmotoschweiz.ch\/wp-content\/uploads\/2021\/04\/CFMOTO_PRESENTAZIONE-0-1-1-300x169.jpg 300w, https:\/\/www.cfmotoschweiz.ch\/wp-content\/uploads\/2021\/04\/CFMOTO_PRESENTAZIONE-0-1-1-1024x576.jpg 1024w, https:\/\/www.cfmotoschweiz.ch\/wp-content\/uploads\/2021\/04\/CFMOTO_PRESENTAZIONE-0-1-1-768x432.jpg 768w, https:\/\/www.cfmotoschweiz.ch\/wp-content\/uploads\/2021\/04\/CFMOTO_PRESENTAZIONE-0-1-1-1536x864.jpg 1536w, https:\/\/www.cfmotoschweiz.ch\/wp-content\/uploads\/2021\/04\/CFMOTO_PRESENTAZIONE-0-1-1-600x338.jpg 600w\" sizes=\"auto, (max-width: 1920px) 100vw, 1920px\" \/>\t\t<\/div>\n\t\t\t\t<span class=\"mkdf-video-button-play-image\">\n\t\t\t\t\t<span class=\"mkdf-video-button-play-inner \">\n\t\t\t\t\t\t<span class=\"mkdf-video-button-play-image-holder\">\n\t\t\t\t\t\t\t<img loading=\"lazy\" decoding=\"async\" width=\"340\" height=\"161\" src=\"https:\/\/www.cfmotoschweiz.ch\/wp-content\/uploads\/2021\/02\/tast-play.png\" class=\"attachment-full size-full\" alt=\"\" srcset=\"https:\/\/www.cfmotoschweiz.ch\/wp-content\/uploads\/2021\/02\/tast-play.png 340w, https:\/\/www.cfmotoschweiz.ch\/wp-content\/uploads\/2021\/02\/tast-play-300x142.png 300w\" sizes=\"auto, (max-width: 340px) 100vw, 340px\" \/>\t\t\t\t\t\t\t\t\t\t\t\t\t\t\t\t\t\t\t\t\t\t<a class=\"mkdf-video-button-link\" href=\"https:\/\/www.cfmotoschweiz.ch\/wp-content\/uploads\/2021\/04\/CFMOTO_PRESENTAZIONE.mp4\" data-rel=\"prettyPhoto[video_button_pretty_photo_277]\"><\/a>\n\t\t\t\t\t\t\t\t\t\t\t\t\t<\/span>\n\t\t\t\t\t<\/span>\n\t\t\t\t<\/span>\n\t\t<\/span>\n\t\t<\/div>\t\t<\/div>\n\t<\/div>\n<\/div><\/div>[\/vc_column][\/vc_row]<\/p>\n<\/div>","protected":false},"excerpt":{"rendered":"<p>[vc_row content_placement=&#8221;top&#8221; row_content_width=&#8221;grid&#8221; disable_background_image=&#8221;1024&#8243; simple_background_image=&#8221;2721&#8243; simple_background_color=&#8221;#000000&#8243; background_image_position=&#8221;center center&#8221;][vc_column][\/vc_column][\/vc_row]<\/p>\n","protected":false},"author":4,"featured_media":0,"parent":0,"menu_order":0,"comment_status":"closed","ping_status":"closed","template":"full-width.php","meta":{"footnotes":""},"class_list":["post-14048","page","type-page","status-publish","hentry"],"_links":{"self":[{"href":"https:\/\/www.cfmotoschweiz.ch\/fr\/wp-json\/wp\/v2\/pages\/14048","targetHints":{"allow":["GET"]}}],"collection":[{"href":"https:\/\/www.cfmotoschweiz.ch\/fr\/wp-json\/wp\/v2\/pages"}],"about":[{"href":"https:\/\/www.cfmotoschweiz.ch\/fr\/wp-json\/wp\/v2\/types\/page"}],"author":[{"embeddable":true,"href":"https:\/\/www.cfmotoschweiz.ch\/fr\/wp-json\/wp\/v2\/users\/4"}],"replies":[{"embeddable":true,"href":"https:\/\/www.cfmotoschweiz.ch\/fr\/wp-json\/wp\/v2\/comments?post=14048"}],"version-history":[{"count":6,"href":"https:\/\/www.cfmotoschweiz.ch\/fr\/wp-json\/wp\/v2\/pages\/14048\/revisions"}],"predecessor-version":[{"id":14416,"href":"https:\/\/www.cfmotoschweiz.ch\/fr\/wp-json\/wp\/v2\/pages\/14048\/revisions\/14416"}],"wp:attachment":[{"href":"https:\/\/www.cfmotoschweiz.ch\/fr\/wp-json\/wp\/v2\/media?parent=14048"}],"curies":[{"name":"wp","href":"https:\/\/api.w.org\/{rel}","templated":true}]}}