{"id":14228,"date":"2021-03-30T11:10:26","date_gmt":"2021-03-30T09:10:26","guid":{"rendered":"https:\/\/www.cfmotoschweiz.ch\/politique-de-confidentialite-2\/"},"modified":"2025-07-14T11:39:34","modified_gmt":"2025-07-14T09:39:34","slug":"politique-de-confidentialite-2","status":"publish","type":"page","link":"https:\/\/www.cfmotoschweiz.ch\/fr\/politique-de-confidentialite-2\/","title":{"rendered":"Politique de confidentialit\u00e9"},"content":{"rendered":"<div class=\"wpb-content-wrapper\"><p>[vc_row disable_element=&#8221;yes&#8221; disable_background_image=&#8221;&#8221; css=&#8221;.vc_custom_1568635243344{padding-right: 0px !important;padding-bottom: 124px !important;padding-left: 0px !important;}&#8221;][vc_column width=&#8221;1\/3&#8243; css=&#8221;.vc_custom_1568618862932{padding-right: 0px !important;padding-left: 0px !important;}&#8221;]<div class=\"mkdf-banner-holder  mkdf-banner-has-image mkdf-visible-on-default mkdf-banner-info-default\" >\n\t\t    <div class=\"mkdf-banner-image\">\n\t        \t    <\/div>\n\t\t\t\t<div class=\"mkdf-banner-foreground-image\">\n\t\t\t\t\t<\/div>\n\t    <div class=\"mkdf-banner-text-holder\" >\n\t    <div class=\"mkdf-banner-text-outer\">\n\t\t    <div class=\"mkdf-banner-text-inner\">\n\t\t        \t\t            <span class=\"mkdf-banner-subtitle\">\n\t\t\t            Racing Boots\t\t            <\/span>\n\t\t        \t\t        \t\t            <h4 class=\"mkdf-banner-title\" >\n\t\t                Bottes X-Fourteent\t                <\/h4>\n\t\t        \t\t\t    \t\t\t\t\t\t\t<\/div>\n\t\t<\/div>\n\t<\/div>\n\t        <a itemprop=\"url\" class=\"mkdf-banner-link\" href=\"https:\/\/grandprix.qodeinteractive.com\/product\/m2-helmet\/\" target=\"_self\"><\/a>\n    <\/div>[\/vc_column][vc_column width=&#8221;1\/3&#8243; css=&#8221;.vc_custom_1568635602433{padding-right: 0px !important;padding-left: 0px !important;}&#8221;]<div class=\"mkdf-banner-holder  mkdf-banner-has-image mkdf-visible-on-default mkdf-banner-info-default\" >\n\t\t    <div class=\"mkdf-banner-image\">\n\t        \t    <\/div>\n\t\t\t\t<div class=\"mkdf-banner-foreground-image\">\n\t\t\t\t\t<\/div>\n\t    <div class=\"mkdf-banner-text-holder\" >\n\t    <div class=\"mkdf-banner-text-outer\">\n\t\t    <div class=\"mkdf-banner-text-inner\">\n\t\t        \t\t            <span class=\"mkdf-banner-subtitle\">\n\t\t\t            premium helmets\t\t            <\/span>\n\t\t        \t\t        \t\t            <h4 class=\"mkdf-banner-title\" >\n\t\t                Casques RJ Platinum-R\t                <\/h4>\n\t\t        \t\t\t    \t\t\t\t\t\t\t<\/div>\n\t\t<\/div>\n\t<\/div>\n\t        <a itemprop=\"url\" class=\"mkdf-banner-link\" href=\"https:\/\/grandprix.qodeinteractive.com\/product\/m-boots\/\" target=\"_self\"><\/a>\n    <\/div>[\/vc_column][vc_column width=&#8221;1\/3&#8243; css=&#8221;.vc_custom_1568618881656{padding-right: 0px !important;padding-left: 0px !important;}&#8221;]<div class=\"mkdf-banner-holder  mkdf-banner-has-image mkdf-visible-on-default mkdf-banner-info-default\" >\n\t\t    <div class=\"mkdf-banner-image\">\n\t        \t    <\/div>\n\t\t\t\t<div class=\"mkdf-banner-foreground-image\">\n\t\t\t\t\t<\/div>\n\t    <div class=\"mkdf-banner-text-holder\" >\n\t    <div class=\"mkdf-banner-text-outer\">\n\t\t    <div class=\"mkdf-banner-text-inner\">\n\t\t        \t\t            <span class=\"mkdf-banner-subtitle\">\n\t\t\t            racing gloves\t\t            <\/span>\n\t\t        \t\t        \t\t            <h4 class=\"mkdf-banner-title\" >\n\t\t                Gants de course NEOTEC II\t                <\/h4>\n\t\t        \t\t\t    \t\t\t\t\t\t\t<\/div>\n\t\t<\/div>\n\t<\/div>\n\t        <a itemprop=\"url\" class=\"mkdf-banner-link\" href=\"https:\/\/grandprix.qodeinteractive.com\/product\/m-gloves\/\" target=\"_self\"><\/a>\n    <\/div>[\/vc_column][\/vc_row][vc_row row_content_width=&#8221;grid&#8221; disable_background_image=&#8221;&#8221;][vc_column][vc_empty_space height=&#8221;70px&#8221;]<div class=\"mkdf-section-title-holder    mkdf-has-appear-animation\" style=\"padding: 0 10%;text-align: center\">\n\t<div class=\"mkdf-st-inner\">\n\t\t\t\t\t\t<h2 class=\"mkdf-st-title\" style=\"color: #434545\">\n\t\t\t\t\t\t\t\t\tRAPPORT INFORMATIF\t\t\t\t\t\t\t<\/h2>\n\t\t\t\t\t\t\t<\/div>\n<\/div><div class=\"mkdf-section-title-holder    mkdf-has-appear-animation\" style=\"padding: 0 10%;text-align: center\">\n\t<div class=\"mkdf-st-inner\">\n\t\t\t\t\t\t\t\t<p class=\"mkdf-st-text\" >\n\t\t\t\tconform\u00e9ment \u00e0 l'article 13 du r\u00e8glement (UE) 2016\/679\t\t\t<\/p>\n\t\t\t\t\t<\/div>\n<\/div>[vc_empty_space height=&#8221;70px&#8221;][\/vc_column][\/vc_row][vc_row row_content_width=&#8221;grid&#8221; disable_background_image=&#8221;&#8221; css=&#8221;.vc_custom_1616143823511{padding-bottom: 34px !important;}&#8221;][vc_column]<div class=\"mkdf-elements-holder   mkdf-one-column  mkdf-responsive-mode-768 \" ><div class=\"mkdf-eh-item    \"  data-item-class=\"mkdf-eh-custom-2159\">\n\t<div class=\"mkdf-eh-item-inner\">\n\t\t<div class=\"mkdf-eh-item-content mkdf-eh-custom-2159\" >\n\t\t\t[vc_column_text css=&#8221;&#8221;]<\/p>\n<p class=\"p1\"><span class=\"s1\"><b>MOTOHUB SWISS GmbH<\/b><\/span> (ci-apr\u00e8s le &#8220;Responsable des donn\u00e9es&#8221;), en tant que Responsable des donn\u00e9es, collecte et traite les donn\u00e9es personnelles de ses clients et fournisseurs (ci-apr\u00e8s la &#8220;Personne concern\u00e9e&#8221;) conform\u00e9ment \u00e0 l&#8217;article 13 du R\u00e8glement (UE) 2016\/679 (ci-apr\u00e8s le &#8220;R\u00e8glement sur la protection des donn\u00e9es&#8221;) et \u00e0 la Loi f\u00e9d\u00e9rale suisse sur la protection des donn\u00e9es (LPD).  <\/p>\n<hr>\n<h3><b>1. types de donn\u00e9es trait\u00e9es<\/b><\/h3>\n<p class=\"p1\">Les donn\u00e9es \u00e0 caract\u00e8re personnel trait\u00e9es sont les suivantes :<\/p>\n<ul>\n<li>\n<p class=\"p1\"><span class=\"s1\"><b>Donn\u00e9es personnelles g\u00e9n\u00e9rales<\/b><\/span>Informations telles que les donn\u00e9es personnelles et les coordonn\u00e9es (num\u00e9ro de t\u00e9l\u00e9phone et adresse \u00e9lectronique).<\/p>\n<\/li>\n<li>\n<p class=\"p1\"><span class=\"s1\"><b>Donn\u00e9es particuli\u00e8res<\/b><\/span> (le cas \u00e9ch\u00e9ant et dans les cas autoris\u00e9s par la loi).<\/p>\n<\/li>\n<\/ul>\n<hr>\n<h3><b>2. finalit\u00e9 et m\u00e9thode de traitement<\/b><\/h3>\n<p class=\"p1\">Les donn\u00e9es \u00e0 caract\u00e8re personnel de la personne concern\u00e9e sont trait\u00e9es dans le cadre des activit\u00e9s commerciales normales du responsable du traitement des donn\u00e9es :<\/p>\n<ol start=\"1\">\n<li>\n<p class=\"p1\">l&#8217;ex\u00e9cution correcte et compl\u00e8te des obligations d\u00e9coulant de la relation contractuelle (ci-apr\u00e8s le &#8220;contrat&#8221;) ;<\/p>\n<\/li>\n<li>\n<p class=\"p1\">les t\u00e2ches administratives et comptables li\u00e9es au contrat ;<\/p>\n<\/li>\n<li>\n<p class=\"p1\">le respect des r\u00e9glementations en vigueur (lois, r\u00e8glements ou dispositions de l&#8217;UE) ;<\/p>\n<\/li>\n<li>\n<p class=\"p1\">Envoi de messages publicitaires sur des produits et services similaires \u00e0 ceux d\u00e9j\u00e0 achet\u00e9s.<\/p>\n<\/li>\n<\/ol>\n<p class=\"p1\">Le traitement est effectu\u00e9 \u00e0 l&#8217;aide d&#8217;instruments manuels, informatiques ou t\u00e9l\u00e9matiques, selon une logique strictement li\u00e9e aux finalit\u00e9s poursuivies et conform\u00e9ment \u00e0 des crit\u00e8res organisationnels et techniques garantissant la s\u00e9curit\u00e9 et la confidentialit\u00e9 des donn\u00e9es, sous l&#8217;autorit\u00e9 du titulaire du traitement et par des personnes sp\u00e9cialement autoris\u00e9es. Les donn\u00e9es peuvent \u00e9galement \u00eatre trait\u00e9es par des tiers mandat\u00e9s en tant que sous-traitants externes conform\u00e9ment \u00e0 l&#8217;article 28 du RGPD et \u00e0 la l\u00e9gislation suisse.   <\/p>\n<hr>\n<h3><b>3. base juridique du traitement et type de cession<\/b><\/h3>\n<ul>\n<li>\n<p class=\"p1\"><span class=\"s1\"><b>Points 1, 2, 3<\/b><\/span>La fourniture des donn\u00e9es est obligatoire et n\u00e9cessaire \u00e0 l&#8217;ex\u00e9cution du contrat et au respect des obligations fiscales et administratives. Sans ces donn\u00e9es, il n&#8217;est pas possible d&#8217;\u00e9tablir ou de poursuivre la relation contractuelle.   <\/p>\n<p class=\"p1\"><span class=\"s1\"><b>Base juridique<\/b><\/span>Ex\u00e9cution du contrat et respect des obligations l\u00e9gales.<\/p>\n<\/li>\n<li>\n<p class=\"p1\"><span class=\"s1\"><b>Point 4<\/b><\/span>Envoi de messages publicitaires aux clients existants sur la base de l&#8217;int\u00e9r\u00eat l\u00e9gitime du contr\u00f4leur de donn\u00e9es. La personne concern\u00e9e peut s&#8217;opposer \u00e0 tout moment \u00e0 un tel envoi.   <\/p>\n<\/li>\n<\/ul>\n<hr>\n<h3><b>4. divulgation des donn\u00e9es personnelles et des destinataires<\/b><\/h3>\n<p class=\"p1\">Les donn\u00e9es \u00e0 caract\u00e8re personnel peuvent \u00eatre communiqu\u00e9es aux cat\u00e9gories de personnes suivantes :<\/p>\n<ul>\n<li>\n<p class=\"p1\">les administrations fiscales et les autorit\u00e9s publiques comp\u00e9tentes ;<\/p>\n<\/li>\n<li>\n<p class=\"p1\">\u00e9tablissements bancaires pour le traitement des paiements ;<\/p>\n<\/li>\n<li>\n<p class=\"p1\">Parties externes exer\u00e7ant des activit\u00e9s de contr\u00f4le (commissaires aux comptes, comit\u00e9s d&#8217;audit, organes de surveillance) ;<\/p>\n<\/li>\n<li>\n<p class=\"p1\">Soci\u00e9t\u00e9 de gestion de cr\u00e9dit et de protection juridique ;<\/p>\n<\/li>\n<li>\n<p class=\"p1\">Personnes externes utilis\u00e9es en tant que responsables du traitement des donn\u00e9es \u00e0 des fins exclusivement li\u00e9es \u00e0 l&#8217;ex\u00e9cution du contrat.<\/p>\n<\/li>\n<\/ul>\n<p class=\"p1\">La liste mise \u00e0 jour des gestionnaires externes est disponible <span class=\"s1\"><b>sur demande via le formulaire de contact sur le site web<\/b><\/span>.<\/p>\n<hr>\n<h3><b>5. transfert de donn\u00e9es \u00e0 caract\u00e8re personnel vers des pays n&#8217;appartenant pas \u00e0 l&#8217;EEE<\/b><\/h3>\n<p class=\"p1\">Les donn\u00e9es ne sont normalement pas transf\u00e9r\u00e9es en dehors de l&#8217;Espace \u00e9conomique europ\u00e9en (EEE) ou de la Suisse.<\/p>\n<p class=\"p1\">Si cela s&#8217;av\u00e8re n\u00e9cessaire pour des raisons contractuelles ou l\u00e9gales, le transfert sera effectu\u00e9 conform\u00e9ment \u00e0 la l\u00e9gislation en vigueur (RGPD et RGPD), en mettant en place des mesures de protection appropri\u00e9es telles que des d\u00e9cisions d&#8217;ad\u00e9quation, des clauses contractuelles types ou d&#8217;autres instruments juridiques appropri\u00e9s.<\/p>\n<hr>\n<h3><b>6. dur\u00e9e de conservation des donn\u00e9es<\/b><\/h3>\n<p class=\"p1\">Les donn\u00e9es personnelles sont conserv\u00e9es pour :<\/p>\n<ul>\n<li>\n<p class=\"p1\"><span class=\"s1\"><b>Obligations contractuelles et l\u00e9gales<\/b><\/span>Jusqu&#8217;\u00e0 10 ans apr\u00e8s la fin de la relation contractuelle, conform\u00e9ment aux dispositions civiles, fiscales et r\u00e9glementaires.<\/p>\n<\/li>\n<li>\n<p class=\"p1\"><span class=\"s1\"><b>\u00e0 des fins de prospection commerciale vis-\u00e0-vis des clients acquis<\/b><\/span>jusqu&#8217;\u00e0 l&#8217;exercice du droit d&#8217;opposition ou, \u00e0 d\u00e9faut, pendant une p\u00e9riode maximale de 24 mois \u00e0 compter de la collecte.<\/p>\n<\/li>\n<\/ul>\n<p class=\"p1\">A l&#8217;issue de la p\u00e9riode de conservation, les donn\u00e9es sont supprim\u00e9es ou rendues anonymes, sauf si la loi en dispose autrement.<\/p>\n<hr>\n<h3><b>7. droits de la personne concern\u00e9e<\/b><\/h3>\n<p class=\"p1\">Conform\u00e9ment aux articles 15 et suivants du r\u00e8glement sur la protection des donn\u00e9es et aux articles 25 et suivants de la loi sur la protection des donn\u00e9es, la personne concern\u00e9e peut exercer les droits suivants :<\/p>\n<ul>\n<li>\n<p class=\"p1\">acc\u00e8s \u00e0 leurs donn\u00e9es personnelles ;<\/p>\n<\/li>\n<li>\n<p class=\"p1\">la rectification ou la mise \u00e0 jour de donn\u00e9es inexactes ou incompl\u00e8tes ;<\/p>\n<\/li>\n<li>\n<p class=\"p1\">l&#8217;effacement des donn\u00e9es \u00e0 caract\u00e8re personnel dans les cas pr\u00e9vus ;<\/p>\n<\/li>\n<li>\n<p class=\"p1\">la limitation du traitement ;<\/p>\n<\/li>\n<li>\n<p class=\"p1\">la portabilit\u00e9 des donn\u00e9es dans un format structur\u00e9 ;<\/p>\n<\/li>\n<li>\n<p class=\"p1\">s&#8217;opposer au traitement pour des raisons l\u00e9gitimes ou \u00e0 des fins de prospection.<\/p>\n<\/li>\n<\/ul>\n<p class=\"p4\"><span class=\"s3\">L&#8217;int\u00e9ress\u00e9 peut exercer ses droits <\/span><b>en remplissant le formulaire de contact disponible sur le site web<\/b><span class=\"s3\">.<\/span><\/p>\n<p class=\"p1\">Elle a \u00e9galement le droit de d\u00e9poser une plainte :<\/p>\n<ul>\n<li>\n<p class=\"p1\"><span class=\"s1\">pour les utilisateurs de l&#8217;UE, \u00e0 l&#8217;adresse<\/span><b>autorit\u00e9 responsable de la protection des donn\u00e9es \u00e0 caract\u00e8re personnel<\/b><span class=\"s1\"> autorit\u00e9 comp\u00e9tente ;<\/span><\/p>\n<\/li>\n<li>\n<p class=\"p1\"><span class=\"s1\">pour les utilisateurs suisses, au<\/span><b>Pr\u00e9pos\u00e9 f\u00e9d\u00e9ral \u00e0 la protection des donn\u00e9es et \u00e0 la transparence (PFPDT)<\/b><span class=\"s1\">.<\/span><\/p>\n<\/li>\n<\/ul>\n<hr>\n<h3><b>8. modifications de la politique de confidentialit\u00e9<\/b><\/h3>\n<p class=\"p1\">Le propri\u00e9taire se r\u00e9serve le droit de modifier ou de mettre \u00e0 jour la pr\u00e9sente politique et d&#8217;afficher les modifications sur le site Web.<\/p>\n<p class=\"p4\"><b>Informations mises \u00e0 jour en JUIN 2025.<\/b><\/p>\n<p>[\/vc_column_text]\t\t<\/div>\n\t<\/div>\n<\/div><\/div>[\/vc_column][\/vc_row]<\/p>\n<\/div>","protected":false},"excerpt":{"rendered":"<p>[vc_row disable_element=&#8221;yes&#8221; disable_background_image=&#8221;&#8221; css=&#8221;.vc_custom_1568635243344{padding-right: 0px !important;padding-bottom: 124px !important;padding-left: 0px !important;}&#8221;][vc_column width=&#8221;1\/3&#8243; css=&#8221;.vc_custom_1568618862932{padding-right: 0px !important;padding-left: 0px !important;}&#8221;][\/vc_column][vc_column width=&#8221;1\/3&#8243; css=&#8221;.vc_custom_1568635602433{padding-right: 0px !important;padding-left: 0px !important;}&#8221;][\/vc_column][vc_column width=&#8221;1\/3&#8243; css=&#8221;.vc_custom_1568618881656{padding-right: 0px !important;padding-left: 0px !important;}&#8221;][\/vc_column][\/vc_row][vc_row row_content_width=&#8221;grid&#8221; disable_background_image=&#8221;&#8221;][vc_column][vc_empty_space height=&#8221;70px&#8221;][vc_empty_space height=&#8221;70px&#8221;][\/vc_column][\/vc_row][vc_row row_content_width=&#8221;grid&#8221; disable_background_image=&#8221;&#8221; css=&#8221;.vc_custom_1616143823511{padding-bottom: 34px !important;}&#8221;][vc_column][\/vc_column][\/vc_row]<\/p>\n","protected":false},"author":4,"featured_media":0,"parent":0,"menu_order":0,"comment_status":"closed","ping_status":"closed","template":"full-width.php","meta":{"footnotes":""},"class_list":["post-14228","page","type-page","status-publish","hentry"],"_links":{"self":[{"href":"https:\/\/www.cfmotoschweiz.ch\/fr\/wp-json\/wp\/v2\/pages\/14228","targetHints":{"allow":["GET"]}}],"collection":[{"href":"https:\/\/www.cfmotoschweiz.ch\/fr\/wp-json\/wp\/v2\/pages"}],"about":[{"href":"https:\/\/www.cfmotoschweiz.ch\/fr\/wp-json\/wp\/v2\/types\/page"}],"author":[{"embeddable":true,"href":"https:\/\/www.cfmotoschweiz.ch\/fr\/wp-json\/wp\/v2\/users\/4"}],"replies":[{"embeddable":true,"href":"https:\/\/www.cfmotoschweiz.ch\/fr\/wp-json\/wp\/v2\/comments?post=14228"}],"version-history":[{"count":10,"href":"https:\/\/www.cfmotoschweiz.ch\/fr\/wp-json\/wp\/v2\/pages\/14228\/revisions"}],"predecessor-version":[{"id":14336,"href":"https:\/\/www.cfmotoschweiz.ch\/fr\/wp-json\/wp\/v2\/pages\/14228\/revisions\/14336"}],"wp:attachment":[{"href":"https:\/\/www.cfmotoschweiz.ch\/fr\/wp-json\/wp\/v2\/media?parent=14228"}],"curies":[{"name":"wp","href":"https:\/\/api.w.org\/{rel}","templated":true}]}}