{"id":2978,"date":"2021-03-19T09:57:04","date_gmt":"2021-03-19T08:57:04","guid":{"rendered":"https:\/\/www.cfmotoschweiz.ch\/?page_id=2978"},"modified":"2025-07-01T16:56:31","modified_gmt":"2025-07-01T14:56:31","slug":"azienda","status":"publish","type":"page","link":"https:\/\/www.cfmotoschweiz.ch\/it\/azienda\/","title":{"rendered":"AZIENDA"},"content":{"rendered":"<div class=\"wpb-content-wrapper\"><p>[vc_row disable_element=&#8221;yes&#8221; disable_background_image=&#8221;&#8221; css=&#8221;.vc_custom_1568635243344{padding-right: 0px !important;padding-bottom: 124px !important;padding-left: 0px !important;}&#8221;][vc_column width=&#8221;1\/3&#8243; css=&#8221;.vc_custom_1568618862932{padding-right: 0px !important;padding-left: 0px !important;}&#8221;]<div class=\"mkdf-banner-holder  mkdf-banner-has-image mkdf-visible-on-default mkdf-banner-info-default\" >\n\t\t    <div class=\"mkdf-banner-image\">\n\t        \t    <\/div>\n\t\t\t\t<div class=\"mkdf-banner-foreground-image\">\n\t\t\t\t\t<\/div>\n\t    <div class=\"mkdf-banner-text-holder\" >\n\t    <div class=\"mkdf-banner-text-outer\">\n\t\t    <div class=\"mkdf-banner-text-inner\">\n\t\t        \t\t            <span class=\"mkdf-banner-subtitle\">\n\t\t\t            Racing Boots\t\t            <\/span>\n\t\t        \t\t        \t\t            <h4 class=\"mkdf-banner-title\" >\n\t\t                X-Fourteent boots\t                <\/h4>\n\t\t        \t\t\t    \t\t\t\t\t\t\t<\/div>\n\t\t<\/div>\n\t<\/div>\n\t        <a itemprop=\"url\" class=\"mkdf-banner-link\" href=\"https:\/\/grandprix.qodeinteractive.com\/product\/m2-helmet\/\" target=\"_self\"><\/a>\n    <\/div>[\/vc_column][vc_column width=&#8221;1\/3&#8243; css=&#8221;.vc_custom_1568635602433{padding-right: 0px !important;padding-left: 0px !important;}&#8221;]<div class=\"mkdf-banner-holder  mkdf-banner-has-image mkdf-visible-on-default mkdf-banner-info-default\" >\n\t\t    <div class=\"mkdf-banner-image\">\n\t        \t    <\/div>\n\t\t\t\t<div class=\"mkdf-banner-foreground-image\">\n\t\t\t\t\t<\/div>\n\t    <div class=\"mkdf-banner-text-holder\" >\n\t    <div class=\"mkdf-banner-text-outer\">\n\t\t    <div class=\"mkdf-banner-text-inner\">\n\t\t        \t\t            <span class=\"mkdf-banner-subtitle\">\n\t\t\t            premium helmets\t\t            <\/span>\n\t\t        \t\t        \t\t            <h4 class=\"mkdf-banner-title\" >\n\t\t                RJ Platinum-R helmets\t                <\/h4>\n\t\t        \t\t\t    \t\t\t\t\t\t\t<\/div>\n\t\t<\/div>\n\t<\/div>\n\t        <a itemprop=\"url\" class=\"mkdf-banner-link\" href=\"https:\/\/grandprix.qodeinteractive.com\/product\/m-boots\/\" target=\"_self\"><\/a>\n    <\/div>[\/vc_column][vc_column width=&#8221;1\/3&#8243; css=&#8221;.vc_custom_1568618881656{padding-right: 0px !important;padding-left: 0px !important;}&#8221;]<div class=\"mkdf-banner-holder  mkdf-banner-has-image mkdf-visible-on-default mkdf-banner-info-default\" >\n\t\t    <div class=\"mkdf-banner-image\">\n\t        \t    <\/div>\n\t\t\t\t<div class=\"mkdf-banner-foreground-image\">\n\t\t\t\t\t<\/div>\n\t    <div class=\"mkdf-banner-text-holder\" >\n\t    <div class=\"mkdf-banner-text-outer\">\n\t\t    <div class=\"mkdf-banner-text-inner\">\n\t\t        \t\t            <span class=\"mkdf-banner-subtitle\">\n\t\t\t            racing gloves\t\t            <\/span>\n\t\t        \t\t        \t\t            <h4 class=\"mkdf-banner-title\" >\n\t\t                NEOTEC II racing gloves\t                <\/h4>\n\t\t        \t\t\t    \t\t\t\t\t\t\t<\/div>\n\t\t<\/div>\n\t<\/div>\n\t        <a itemprop=\"url\" class=\"mkdf-banner-link\" href=\"https:\/\/grandprix.qodeinteractive.com\/product\/m-gloves\/\" target=\"_self\"><\/a>\n    <\/div>[\/vc_column][\/vc_row][vc_row disable_element=&#8221;yes&#8221; row_content_width=&#8221;grid&#8221; disable_background_image=&#8221;&#8221;][vc_column][vc_empty_space height=&#8221;70px&#8221;]<div class=\"mkdf-section-title-holder  mkdf-st-split  mkdf-has-appear-animation\" style=\"padding: 0 10%\">\n\t<div class=\"mkdf-st-inner\">\n\t\t\t<span class=\"mkdf-st-tagline\" style=\"color: #499baf\">\n\t\t\tI MODELLI\t\t<\/span>\n\t\t\t\t\t\t<h2 class=\"mkdf-st-title\" style=\"color: #434545\">\n\t\t\t\t\t\t\t\t\t<span class=\"mkdf-sts-title-text\">CF MOTO PRESENTA<br \/> LE SUE MOTO<\/span>\n\t\t\t\t\t<span class=\"mkdf-sts-separator\" ><\/span>\n\t\t\t\t\t\t\t<\/h2>\n\t\t\t\t\t\t\t<\/div>\n<\/div>[vc_empty_space height=&#8221;70px&#8221;][\/vc_column][\/vc_row][vc_row content_placement=&#8221;middle&#8221; row_content_width=&#8221;grid&#8221; disable_background_image=&#8221;1024&#8243; simple_background_image=&#8221;2721&#8243; simple_background_color=&#8221;#000000&#8243; background_image_position=&#8221;center center&#8221;][vc_column]<div class=\"mkdf-elements-holder   mkdf-two-columns  mkdf-responsive-mode-768 \" ><div class=\"mkdf-eh-item    \"  data-item-class=\"mkdf-eh-custom-6568\" data-680=\"30px 0px 30px 0px\">\n\t<div class=\"mkdf-eh-item-inner\">\n\t\t<div class=\"mkdf-eh-item-content mkdf-eh-custom-6568\" style=\"padding: 30px 10px 30px 0px\">\n\t\t\t<div class=\"mkdf-section-title-holder    mkdf-has-appear-animation\" >\n\t<div class=\"mkdf-st-inner\">\n\t\t\t\t\t\t<h2 class=\"mkdf-st-title\" style=\"color: #ffffff\">\n\t\t\t\t\t\t\t\t\tCHI SIAMO\t\t\t\t\t\t\t<\/h2>\n\t\t\t\t\t\t\t<\/div>\n<\/div>[vc_empty_space height=&#8221;20px&#8221;][vc_column_text]<\/p>\n<p style=\"color: white;\">Fondata nel 1989, <strong><a style=\"color: white;\" href=\"https:\/\/global.cfmoto.com\/\" target=\"_blank\" rel=\"noopener\">CFMOTO<\/a><\/strong> sviluppa, costruisce e commercializza moto e veicoli fuoristrada, oltre a motori, componenti ed accessori.<br \/>\nI nostri prodotti sono distribuiti in tutto il mondo attraverso una rete di 2.000 partner.<\/p>\n<p><strong style=\"color: white;\">Tecnologia e innovazione<\/strong><\/p>\n<p style=\"color: white;\">Con un team di Ricerca e Sviluppo che pu\u00f2 contare su oltre 200 progettisti e tecnici in 5 paesi e pi\u00f9 di 540 brevetti registrati, CFMOTO punta ad arrivare ai vertici dell\u2019industria motoristica ed essere riconosciuto tra i brand premium a livello globale.<\/p>\n<p><strong style=\"color: white;\">Focalizzati sulla qualit\u00e0<\/strong><\/p>\n<p style=\"color: white;\">Tecnologia e qualit\u00e0 sono il cuore della nostra attivit\u00e0. Il tempo, la dedizione e la competenza investiti nel nostro lavoro ci consentono di offrire prodotti eccezionali e dall\u2019elevata affidabilit\u00e0<\/p>\n<p><strong style=\"color: white;\">Valore per il cliente<\/strong><\/p>\n<p style=\"color: white;\">In oltre 30 anni di esperienza nel mondo dei motori e del motorsport, l\u2019obiettivo primario di CFMOTO \u00e8 sempre stato quello di fornire prodotti di grandissimo valore per i propri clienti. Vogliamo essere il partner ideale per esplorare il mondo e godere ogni attimo della vita.<\/p>\n<p style=\"color: white;\">Il nostro impegno costante sta nel garantire livelli di divertimento e piacere di guida sempre maggiori per vivere esperienze giorno dopo giorno pi\u00f9 intense.<\/p>\n<p>[\/vc_column_text][vc_empty_space height=&#8221;20px&#8221;]\t\t<\/div>\n\t<\/div>\n<\/div><div class=\"mkdf-eh-item    \"  data-item-class=\"mkdf-eh-custom-7235\" data-680=\"30px 0px 30px 0px\">\n\t<div class=\"mkdf-eh-item-inner\">\n\t\t<div class=\"mkdf-eh-item-content mkdf-eh-custom-7235\" style=\"padding: 30px 0px 30px 10px\">\n\t\t\t<div class=\"mkdf-video-button-holder  mkdf-vb-has-img  \">\n\t\t\t<div class=\"mkdf-video-button-image\">\n\t\t\t<img loading=\"lazy\" decoding=\"async\" width=\"1920\" height=\"1080\" src=\"https:\/\/www.cfmotoschweiz.ch\/wp-content\/uploads\/2021\/04\/CFMOTO_PRESENTAZIONE-0-1-1.jpg\" class=\"attachment-full size-full\" alt=\"\" srcset=\"https:\/\/www.cfmotoschweiz.ch\/wp-content\/uploads\/2021\/04\/CFMOTO_PRESENTAZIONE-0-1-1.jpg 1920w, https:\/\/www.cfmotoschweiz.ch\/wp-content\/uploads\/2021\/04\/CFMOTO_PRESENTAZIONE-0-1-1-300x169.jpg 300w, https:\/\/www.cfmotoschweiz.ch\/wp-content\/uploads\/2021\/04\/CFMOTO_PRESENTAZIONE-0-1-1-1024x576.jpg 1024w, https:\/\/www.cfmotoschweiz.ch\/wp-content\/uploads\/2021\/04\/CFMOTO_PRESENTAZIONE-0-1-1-768x432.jpg 768w, https:\/\/www.cfmotoschweiz.ch\/wp-content\/uploads\/2021\/04\/CFMOTO_PRESENTAZIONE-0-1-1-1536x864.jpg 1536w, https:\/\/www.cfmotoschweiz.ch\/wp-content\/uploads\/2021\/04\/CFMOTO_PRESENTAZIONE-0-1-1-600x338.jpg 600w\" sizes=\"auto, (max-width: 1920px) 100vw, 1920px\" \/>\t\t<\/div>\n\t\t\t\t<span class=\"mkdf-video-button-play-image\">\n\t\t\t\t\t<span class=\"mkdf-video-button-play-inner \">\n\t\t\t\t\t\t<span class=\"mkdf-video-button-play-image-holder\">\n\t\t\t\t\t\t\t<img loading=\"lazy\" decoding=\"async\" width=\"340\" height=\"161\" src=\"https:\/\/www.cfmotoschweiz.ch\/wp-content\/uploads\/2021\/02\/tast-play.png\" class=\"attachment-full size-full\" alt=\"\" srcset=\"https:\/\/www.cfmotoschweiz.ch\/wp-content\/uploads\/2021\/02\/tast-play.png 340w, https:\/\/www.cfmotoschweiz.ch\/wp-content\/uploads\/2021\/02\/tast-play-300x142.png 300w\" sizes=\"auto, (max-width: 340px) 100vw, 340px\" \/>\t\t\t\t\t\t\t\t\t\t\t\t\t\t\t\t\t\t\t\t\t\t<a class=\"mkdf-video-button-link\" href=\"https:\/\/www.cfmotoschweiz.ch\/wp-content\/uploads\/2021\/04\/CFMOTO_PRESENTAZIONE.mp4\" data-rel=\"prettyPhoto[video_button_pretty_photo_57]\"><\/a>\n\t\t\t\t\t\t\t\t\t\t\t\t\t<\/span>\n\t\t\t\t\t<\/span>\n\t\t\t\t<\/span>\n\t\t<\/span>\n\t\t<\/div>\t\t<\/div>\n\t<\/div>\n<\/div><\/div>[\/vc_column][\/vc_row][vc_row content_placement=&#8221;middle&#8221; disable_element=&#8221;yes&#8221; row_content_width=&#8221;grid&#8221; disable_background_image=&#8221;1024&#8243; simple_background_image=&#8221;2721&#8243; simple_background_color=&#8221;#000000&#8243; background_image_position=&#8221;center center&#8221;][vc_column]<div class=\"mkdf-elements-holder   mkdf-two-columns  mkdf-responsive-mode-768 \" ><div class=\"mkdf-eh-item    \"  data-item-class=\"mkdf-eh-custom-2336\" data-680=\"30px 0px 30px 0px\">\n\t<div class=\"mkdf-eh-item-inner\">\n\t\t<div class=\"mkdf-eh-item-content mkdf-eh-custom-2336\" style=\"padding: 30px 10px 30px 0px\">\n\t\t\t<div class=\"mkdf-section-title-holder    mkdf-has-appear-animation\" >\n\t<div class=\"mkdf-st-inner\">\n\t\t\t\t\t\t<h2 class=\"mkdf-st-title\" style=\"color: #ffffff\">\n\t\t\t\t\t\t\t\t\tPARTNERS\t\t\t\t\t\t\t<\/h2>\n\t\t\t\t\t\t\t<\/div>\n<\/div>[vc_empty_space height=&#8221;20px&#8221;][vc_column_text]<\/p>\n<p style=\"color: white;\"><span style=\"color: #ffffff;\">Agos Ducato S.p.A.\u00e8 la Societ\u00e0 finanziaria nata dall\u2019unione di Agos e Ducato, da venticinque anni presente sul mercato italiano. attraverso una rete commerciale di oltre 230 unit\u00e0 diffuse su tutto il territorio, Agos Ducato offre prestiti personali, carte di credito e leasing. Propone, inoltre, un\u2019articolata gamma di finanziamenti presso migliaia di punti vendita convenzionati in tutti i settori merceologici. Agos Ducato \u00e8 parte di un gruppo internazionale facente capo a Cr\u00e9dit Agricole, che detiene il 61% delle azioni attraverso Cr\u00e9dit Agricole Consumer Finance, importante societ\u00e0 di credito al consumo francese; il restante 39% del capitale sociale appartiene a Banco Popolare.<\/span><\/p>\n<p style=\"color: white;\"><span style=\"color: #ffffff;\">Findomestic Banca S.p.A. dal 1985 \u00e8 operativa nel settore del credito al consumo. Le nostre parole chiave sono: supporto finanziario, supporto marketing e supporto innovativo. Oggi pi\u00f9 che mai, la nostra mission \u00e8 essere al fianco dei nostri Partner investendo sul futuro per sostenere lo sviluppo del business. Ma il nostro obiettivo comune \u00e8 riconquistare la fiducia del Clienti attraverso offerte mirate chiare e trasparenti.<\/span><\/p>\n<p style=\"color: white;\"><span style=\"color: #ffffff;\">ACI Global, specializzata in servizi per la Mobilit\u00e0, \u00e8 leader nell\u2019assistenza a Veicoli e Persone. Dotata di Centrali Operative Tecnica e Sanitaria altamente qualificate, multiprodotto e multicliente, ACI Global \u00e8 punto di forza del Network ARC Europe. <a style=\"color: #ffffff;\" href=\"https:\/\/www.cfmotoschweiz.ch\/wp-content\/uploads\/2021\/07\/CFMOTO-CARE-210607.pdf\">Scopri di pi\u00f9<\/a><\/span><\/p>\n<p style=\"color: white;\"><span style=\"color: #ffffff;\">Motoplatinum \u00e8 l\u2019assicurazione RC che ti permette di assicurare la tua moto al prezzo migliore sul mercato e ti offre tanti vantaggi: oltre a far risparmiare fino\u00a0al 60% sulla Rc,\u00a0Motoplatinum prevede il 20% di sconto sulle garanzie infortuni del conducente, assistenza e tutela legale, grazie al pacchetto di servizi e sconti esclusivi\u00a0\u201cMotoplatinumGOLD&#8221; incluso nel prezzo.\u00a0Inoltre \u00e8 possibile installare MotoplatinumBOX, il pi\u00f9 completo dispositivo elettronico e telematico per le due ruote, che permette uno sconto dal 15% al 35% sulla polizza RC, del 30% sulla garanzia incendio\/furto e l&#8217;accesso ad una serie di garanzie e di servizi dedicati ai motociclisti.\u00a0Motoplatinum \u00e8 un prodotto di 24hAssistance, azienda specializzata in polizze innovative, semplici, trasparenti, complete e al giusto prezzo.<\/span><\/p>\n<p>[\/vc_column_text]\t\t<\/div>\n\t<\/div>\n<\/div><\/div>[vc_single_image image=&#8221;3642&#8243; img_size=&#8221;full&#8221; alignment=&#8221;center&#8221;][\/vc_column][\/vc_row]<\/p>\n<\/div>","protected":false},"excerpt":{"rendered":"<p>[vc_row disable_element=&#8221;yes&#8221; disable_background_image=&#8221;&#8221; css=&#8221;.vc_custom_1568635243344{padding-right: 0px !important;padding-bottom: 124px !important;padding-left: 0px !important;}&#8221;][vc_column width=&#8221;1\/3&#8243; css=&#8221;.vc_custom_1568618862932{padding-right: 0px !important;padding-left: 0px !important;}&#8221;][\/vc_column][vc_column width=&#8221;1\/3&#8243; css=&#8221;.vc_custom_1568635602433{padding-right: 0px !important;padding-left: 0px !important;}&#8221;][\/vc_column][vc_column width=&#8221;1\/3&#8243; css=&#8221;.vc_custom_1568618881656{padding-right: 0px !important;padding-left: 0px !important;}&#8221;][\/vc_column][\/vc_row][vc_row disable_element=&#8221;yes&#8221; row_content_width=&#8221;grid&#8221; disable_background_image=&#8221;&#8221;][vc_column][vc_empty_space height=&#8221;70px&#8221;][vc_empty_space height=&#8221;70px&#8221;][\/vc_column][\/vc_row][vc_row content_placement=&#8221;middle&#8221; row_content_width=&#8221;grid&#8221; disable_background_image=&#8221;1024&#8243; simple_background_image=&#8221;2721&#8243; simple_background_color=&#8221;#000000&#8243; background_image_position=&#8221;center center&#8221;][vc_column][\/vc_column][\/vc_row][vc_row content_placement=&#8221;middle&#8221; disable_element=&#8221;yes&#8221; row_content_width=&#8221;grid&#8221; disable_background_image=&#8221;1024&#8243; simple_background_image=&#8221;2721&#8243; simple_background_color=&#8221;#000000&#8243; background_image_position=&#8221;center center&#8221;][vc_column][vc_single_image image=&#8221;3642&#8243; img_size=&#8221;full&#8221; alignment=&#8221;center&#8221;][\/vc_column][\/vc_row]<\/p>\n","protected":false},"author":4,"featured_media":0,"parent":0,"menu_order":0,"comment_status":"closed","ping_status":"closed","template":"full-width.php","meta":{"footnotes":""},"class_list":["post-2978","page","type-page","status-publish","hentry"],"_links":{"self":[{"href":"https:\/\/www.cfmotoschweiz.ch\/it\/wp-json\/wp\/v2\/pages\/2978","targetHints":{"allow":["GET"]}}],"collection":[{"href":"https:\/\/www.cfmotoschweiz.ch\/it\/wp-json\/wp\/v2\/pages"}],"about":[{"href":"https:\/\/www.cfmotoschweiz.ch\/it\/wp-json\/wp\/v2\/types\/page"}],"author":[{"embeddable":true,"href":"https:\/\/www.cfmotoschweiz.ch\/it\/wp-json\/wp\/v2\/users\/4"}],"replies":[{"embeddable":true,"href":"https:\/\/www.cfmotoschweiz.ch\/it\/wp-json\/wp\/v2\/comments?post=2978"}],"version-history":[{"count":39,"href":"https:\/\/www.cfmotoschweiz.ch\/it\/wp-json\/wp\/v2\/pages\/2978\/revisions"}],"predecessor-version":[{"id":14053,"href":"https:\/\/www.cfmotoschweiz.ch\/it\/wp-json\/wp\/v2\/pages\/2978\/revisions\/14053"}],"wp:attachment":[{"href":"https:\/\/www.cfmotoschweiz.ch\/it\/wp-json\/wp\/v2\/media?parent=2978"}],"curies":[{"name":"wp","href":"https:\/\/api.w.org\/{rel}","templated":true}]}}